{"id":79,"date":"2022-01-25T07:25:46","date_gmt":"2022-01-25T06:25:46","guid":{"rendered":"https:\/\/bellavit.es\/?page_id=79"},"modified":"2022-02-09T14:32:07","modified_gmt":"2022-02-09T13:32:07","slug":"calabaza","status":"publish","type":"page","link":"https:\/\/bellavit.es\/index.php\/nuestros-productos\/calabaza\/","title":{"rendered":"Calabaza"},"content":{"rendered":"\t\t<div data-elementor-type=\"wp-page\" data-elementor-id=\"79\" class=\"elementor elementor-79\" data-elementor-settings=\"[]\">\n\t\t\t\t\t\t\t<div class=\"elementor-section-wrap\">\n\t\t\t\t\t\t\t<section class=\"elementor-section elementor-top-section elementor-element elementor-element-59aefe5 elementor-section-boxed elementor-section-height-default elementor-section-height-default\" data-id=\"59aefe5\" data-element_type=\"section\">\n\t\t\t\t\t\t<div class=\"elementor-container elementor-column-gap-default\">\n\t\t\t\t\t<div class=\"elementor-column elementor-col-50 elementor-top-column elementor-element elementor-element-2ab24dc elementor-invisible\" data-id=\"2ab24dc\" data-element_type=\"column\" data-settings=\"{&quot;animation&quot;:&quot;fadeInLeft&quot;}\">\n\t\t\t<div class=\"elementor-widget-wrap elementor-element-populated\">\n\t\t\t\t\t\t\t\t<div class=\"elementor-element elementor-element-4d22883 elementor-widget elementor-widget-image\" data-id=\"4d22883\" data-element_type=\"widget\" data-widget_type=\"image.default\">\n\t\t\t\t<div class=\"elementor-widget-container\">\n\t\t\t<style>\/*! elementor - v3.5.4 - 23-01-2022 *\/\n.elementor-widget-image{text-align:center}.elementor-widget-image a{display:inline-block}.elementor-widget-image a img[src$=\".svg\"]{width:48px}.elementor-widget-image img{vertical-align:middle;display:inline-block}<\/style>\t\t\t\t\t\t\t\t\t\t\t\t<img loading=\"lazy\" decoding=\"async\" width=\"768\" height=\"512\" src=\"https:\/\/bellavit.es\/wp-content\/uploads\/2022\/02\/EP_0117-768x512.jpg\" class=\"attachment-medium_large size-medium_large\" alt=\"\" srcset=\"https:\/\/bellavit.es\/wp-content\/uploads\/2022\/02\/EP_0117-768x512.jpg 768w, https:\/\/bellavit.es\/wp-content\/uploads\/2022\/02\/EP_0117-300x200.jpg 300w, https:\/\/bellavit.es\/wp-content\/uploads\/2022\/02\/EP_0117.jpg 900w\" sizes=\"auto, (max-width: 768px) 100vw, 768px\" \/>\t\t\t\t\t\t\t\t\t\t\t\t\t\t\t<\/div>\n\t\t\t\t<\/div>\n\t\t\t\t\t<\/div>\n\t\t<\/div>\n\t\t\t\t<div class=\"elementor-column elementor-col-50 elementor-top-column elementor-element elementor-element-3980da9 elementor-invisible\" data-id=\"3980da9\" data-element_type=\"column\" data-settings=\"{&quot;animation&quot;:&quot;fadeInRight&quot;}\">\n\t\t\t<div class=\"elementor-widget-wrap elementor-element-populated\">\n\t\t\t\t\t\t\t\t<div class=\"elementor-element elementor-element-d5a5b0b elementor-widget elementor-widget-heading\" data-id=\"d5a5b0b\" data-element_type=\"widget\" data-widget_type=\"heading.default\">\n\t\t\t\t<div class=\"elementor-widget-container\">\n\t\t\t<style>\/*! elementor - v3.5.4 - 23-01-2022 *\/\n.elementor-heading-title{padding:0;margin:0;line-height:1}.elementor-widget-heading .elementor-heading-title[class*=elementor-size-]>a{color:inherit;font-size:inherit;line-height:inherit}.elementor-widget-heading .elementor-heading-title.elementor-size-small{font-size:15px}.elementor-widget-heading .elementor-heading-title.elementor-size-medium{font-size:19px}.elementor-widget-heading .elementor-heading-title.elementor-size-large{font-size:29px}.elementor-widget-heading .elementor-heading-title.elementor-size-xl{font-size:39px}.elementor-widget-heading .elementor-heading-title.elementor-size-xxl{font-size:59px}<\/style><h1 class=\"elementor-heading-title elementor-size-default\">Calabaza<\/h1>\t\t<\/div>\n\t\t\t\t<\/div>\n\t\t\t\t<div class=\"elementor-element elementor-element-ca1239b elementor-widget elementor-widget-text-editor\" data-id=\"ca1239b\" data-element_type=\"widget\" data-widget_type=\"text-editor.default\">\n\t\t\t\t<div class=\"elementor-widget-container\">\n\t\t\t<style>\/*! elementor - v3.5.4 - 23-01-2022 *\/\n.elementor-widget-text-editor.elementor-drop-cap-view-stacked .elementor-drop-cap{background-color:#818a91;color:#fff}.elementor-widget-text-editor.elementor-drop-cap-view-framed .elementor-drop-cap{color:#818a91;border:3px solid;background-color:transparent}.elementor-widget-text-editor:not(.elementor-drop-cap-view-default) .elementor-drop-cap{margin-top:8px}.elementor-widget-text-editor:not(.elementor-drop-cap-view-default) .elementor-drop-cap-letter{width:1em;height:1em}.elementor-widget-text-editor .elementor-drop-cap{float:left;text-align:center;line-height:1;font-size:50px}.elementor-widget-text-editor .elementor-drop-cap-letter{display:inline-block}<\/style>\t\t\t\t<p>La calabaza es una de las hortalizas m\u00e1s en auge de la cultura mediterr\u00e1nea por sus innumerables beneficios nutritivos, como fuente de vitaminas y fibra, y su bajo contenido en calor\u00edas y grasa.<\/p>\t\t\t\t\t\t<\/div>\n\t\t\t\t<\/div>\n\t\t\t\t\t<\/div>\n\t\t<\/div>\n\t\t\t\t\t\t\t<\/div>\n\t\t<\/section>\n\t\t\t\t<section class=\"elementor-section elementor-top-section elementor-element elementor-element-409e98e elementor-section-boxed elementor-section-height-default elementor-section-height-default\" data-id=\"409e98e\" data-element_type=\"section\">\n\t\t\t\t\t\t<div class=\"elementor-container elementor-column-gap-default\">\n\t\t\t\t\t<div class=\"elementor-column elementor-col-33 elementor-top-column elementor-element elementor-element-f08289d elementor-invisible\" data-id=\"f08289d\" data-element_type=\"column\" data-settings=\"{&quot;animation&quot;:&quot;fadeInUp&quot;,&quot;animation_delay&quot;:100}\">\n\t\t\t<div class=\"elementor-widget-wrap elementor-element-populated\">\n\t\t\t\t\t\t\t\t<div class=\"elementor-element elementor-element-a0c6f78 elementor-widget elementor-widget-image\" data-id=\"a0c6f78\" data-element_type=\"widget\" data-widget_type=\"image.default\">\n\t\t\t\t<div class=\"elementor-widget-container\">\n\t\t\t\t\t\t\t\t\t\t\t\t\t\t\t<img loading=\"lazy\" decoding=\"async\" width=\"300\" height=\"200\" src=\"https:\/\/bellavit.es\/wp-content\/uploads\/2022\/02\/EP_0107-300x200.jpg\" class=\"attachment-medium size-medium\" alt=\"\" srcset=\"https:\/\/bellavit.es\/wp-content\/uploads\/2022\/02\/EP_0107-300x200.jpg 300w, https:\/\/bellavit.es\/wp-content\/uploads\/2022\/02\/EP_0107-768x512.jpg 768w, https:\/\/bellavit.es\/wp-content\/uploads\/2022\/02\/EP_0107.jpg 900w\" sizes=\"auto, (max-width: 300px) 100vw, 300px\" \/>\t\t\t\t\t\t\t\t\t\t\t\t\t\t\t<\/div>\n\t\t\t\t<\/div>\n\t\t\t\t\t<\/div>\n\t\t<\/div>\n\t\t\t\t<div class=\"elementor-column elementor-col-33 elementor-top-column elementor-element elementor-element-8d7b5a8 elementor-invisible\" data-id=\"8d7b5a8\" data-element_type=\"column\" data-settings=\"{&quot;animation&quot;:&quot;fadeInUp&quot;,&quot;animation_delay&quot;:200}\">\n\t\t\t<div class=\"elementor-widget-wrap elementor-element-populated\">\n\t\t\t\t\t\t\t\t<div class=\"elementor-element elementor-element-4ca7205 elementor-widget elementor-widget-image\" data-id=\"4ca7205\" data-element_type=\"widget\" data-widget_type=\"image.default\">\n\t\t\t\t<div class=\"elementor-widget-container\">\n\t\t\t\t\t\t\t\t\t\t\t\t\t\t\t<img loading=\"lazy\" decoding=\"async\" width=\"300\" height=\"200\" src=\"https:\/\/bellavit.es\/wp-content\/uploads\/2022\/02\/EP_0548-300x200.jpg\" class=\"attachment-medium size-medium\" alt=\"\" srcset=\"https:\/\/bellavit.es\/wp-content\/uploads\/2022\/02\/EP_0548-300x200.jpg 300w, https:\/\/bellavit.es\/wp-content\/uploads\/2022\/02\/EP_0548-768x512.jpg 768w, https:\/\/bellavit.es\/wp-content\/uploads\/2022\/02\/EP_0548.jpg 900w\" sizes=\"auto, (max-width: 300px) 100vw, 300px\" \/>\t\t\t\t\t\t\t\t\t\t\t\t\t\t\t<\/div>\n\t\t\t\t<\/div>\n\t\t\t\t\t<\/div>\n\t\t<\/div>\n\t\t\t\t<div class=\"elementor-column elementor-col-33 elementor-top-column elementor-element elementor-element-3ae6c95 elementor-invisible\" data-id=\"3ae6c95\" data-element_type=\"column\" data-settings=\"{&quot;animation&quot;:&quot;fadeInUp&quot;,&quot;animation_delay&quot;:300}\">\n\t\t\t<div class=\"elementor-widget-wrap elementor-element-populated\">\n\t\t\t\t\t\t\t\t<div class=\"elementor-element elementor-element-ab27f95 elementor-widget elementor-widget-image\" data-id=\"ab27f95\" data-element_type=\"widget\" data-widget_type=\"image.default\">\n\t\t\t\t<div class=\"elementor-widget-container\">\n\t\t\t\t\t\t\t\t\t\t\t\t\t\t\t<img loading=\"lazy\" decoding=\"async\" width=\"300\" height=\"200\" src=\"https:\/\/bellavit.es\/wp-content\/uploads\/2022\/02\/EP_0539-300x200.jpg\" class=\"attachment-medium size-medium\" alt=\"\" srcset=\"https:\/\/bellavit.es\/wp-content\/uploads\/2022\/02\/EP_0539-300x200.jpg 300w, https:\/\/bellavit.es\/wp-content\/uploads\/2022\/02\/EP_0539-768x512.jpg 768w, https:\/\/bellavit.es\/wp-content\/uploads\/2022\/02\/EP_0539.jpg 900w\" sizes=\"auto, (max-width: 300px) 100vw, 300px\" \/>\t\t\t\t\t\t\t\t\t\t\t\t\t\t\t<\/div>\n\t\t\t\t<\/div>\n\t\t\t\t\t<\/div>\n\t\t<\/div>\n\t\t\t\t\t\t\t<\/div>\n\t\t<\/section>\n\t\t\t\t<section class=\"elementor-section elementor-top-section elementor-element elementor-element-143c54f elementor-section-boxed elementor-section-height-default elementor-section-height-default\" data-id=\"143c54f\" data-element_type=\"section\">\n\t\t\t\t\t\t<div class=\"elementor-container elementor-column-gap-default\">\n\t\t\t\t\t<div class=\"elementor-column elementor-col-66 elementor-top-column elementor-element elementor-element-02b35ce\" data-id=\"02b35ce\" data-element_type=\"column\">\n\t\t\t<div class=\"elementor-widget-wrap elementor-element-populated\">\n\t\t\t\t\t\t\t\t<div class=\"elementor-element elementor-element-8b09880 elementor-widget elementor-widget-text-editor\" data-id=\"8b09880\" data-element_type=\"widget\" data-widget_type=\"text-editor.default\">\n\t\t\t\t<div class=\"elementor-widget-container\">\n\t\t\t\t\t\t\t<p>Esta hortaliza tiene una gran presencia en los recetarios: para sopas, cremas, pur\u00e9s, guarniciones, flanes, pasteles, confituras\u2026 y la podemos cocinar al horno, hervida, salteada, rehogada, gratinada\u2026<\/p>\t\t\t\t\t\t<\/div>\n\t\t\t\t<\/div>\n\t\t\t\t\t<\/div>\n\t\t<\/div>\n\t\t\t\t<div class=\"elementor-column elementor-col-33 elementor-top-column elementor-element elementor-element-55dfab4\" data-id=\"55dfab4\" data-element_type=\"column\">\n\t\t\t<div class=\"elementor-widget-wrap elementor-element-populated\">\n\t\t\t\t\t\t\t\t<div class=\"elementor-element elementor-element-a8e8780 elementor-widget elementor-widget-text-editor\" data-id=\"a8e8780\" data-element_type=\"widget\" data-widget_type=\"text-editor.default\">\n\t\t\t\t<div class=\"elementor-widget-container\">\n\t\t\t\t\t\t\t<p>La variedad cacahuete es una de las variedades m\u00e1s vistosas y demandadas. Su forma alargada y su piel clara, fina y lisa, hacen que sea una de las preferidas de los consumidores.<\/p>\t\t\t\t\t\t<\/div>\n\t\t\t\t<\/div>\n\t\t\t\t\t<\/div>\n\t\t<\/div>\n\t\t\t\t\t\t\t<\/div>\n\t\t<\/section>\n\t\t\t\t\t\t<\/div>\n\t\t\t\t\t<\/div>\n\t\t","protected":false},"excerpt":{"rendered":"<p>Calabaza La calabaza es una de las hortalizas m\u00e1s en auge de la cultura mediterr\u00e1nea por sus innumerables beneficios nutritivos, como fuente de vitaminas y fibra, y su bajo contenido en calor\u00edas y grasa. Esta hortaliza tiene una gran presencia en los recetarios: para sopas, cremas, pur\u00e9s, guarniciones, flanes, pasteles, confituras\u2026 y la podemos cocinar [&hellip;]<\/p>\n","protected":false},"author":1,"featured_media":0,"parent":14,"menu_order":0,"comment_status":"closed","ping_status":"closed","template":"","meta":{"footnotes":""},"class_list":["post-79","page","type-page","status-publish","hentry"],"yoast_head":"<!-- This site is optimized with the Yoast SEO plugin v18.1 - https:\/\/yoast.com\/wordpress\/plugins\/seo\/ -->\n<title>Calabaza - Productos Frescos de Bellavit<\/title>\n<meta name=\"description\" content=\"La calabaza es una de las hortalizas m\u00e1s conocidas de la cultura mediterr\u00e1nea. Su corteza \u00e1spera y anaranjada son sus principales caracter\u00edsticas. Aprende m\u00e1s!\" \/>\n<meta name=\"robots\" content=\"index, follow, max-snippet:-1, max-image-preview:large, max-video-preview:-1\" \/>\n<link rel=\"canonical\" href=\"https:\/\/bellavit.es\/index.php\/nuestros-productos\/calabaza\/\" \/>\n<meta property=\"og:locale\" content=\"es_ES\" \/>\n<meta property=\"og:type\" content=\"article\" \/>\n<meta property=\"og:title\" content=\"Calabaza - Productos Frescos de Bellavit\" \/>\n<meta property=\"og:description\" content=\"La calabaza es una de las hortalizas m\u00e1s conocidas de la cultura mediterr\u00e1nea. Su corteza \u00e1spera y anaranjada son sus principales caracter\u00edsticas. Aprende m\u00e1s!\" \/>\n<meta property=\"og:url\" content=\"https:\/\/bellavit.es\/index.php\/nuestros-productos\/calabaza\/\" \/>\n<meta property=\"og:site_name\" content=\"Bellavit\" \/>\n<meta property=\"article:modified_time\" content=\"2022-02-09T13:32:07+00:00\" \/>\n<meta property=\"og:image\" content=\"http:\/\/yjbhklh.cluster031.hosting.ovh.net\/wp-content\/uploads\/2022\/02\/EP_0117-768x512.jpg\" \/>\n<meta name=\"twitter:card\" content=\"summary_large_image\" \/>\n<meta name=\"twitter:label1\" content=\"Tiempo de lectura\" \/>\n\t<meta name=\"twitter:data1\" content=\"2 minutos\" \/>\n<script type=\"application\/ld+json\" class=\"yoast-schema-graph\">{\"@context\":\"https:\/\/schema.org\",\"@graph\":[{\"@type\":\"Organization\",\"@id\":\"https:\/\/bellavit.es\/#organization\",\"name\":\"Bellavit\",\"url\":\"https:\/\/bellavit.es\/\",\"sameAs\":[],\"logo\":{\"@type\":\"ImageObject\",\"@id\":\"https:\/\/bellavit.es\/#logo\",\"inLanguage\":\"es\",\"url\":\"https:\/\/bellavit.es\/wp-content\/uploads\/2022\/01\/cropped-loog_temp-300x300-1.png\",\"contentUrl\":\"https:\/\/bellavit.es\/wp-content\/uploads\/2022\/01\/cropped-loog_temp-300x300-1.png\",\"width\":300,\"height\":300,\"caption\":\"Bellavit\"},\"image\":{\"@id\":\"https:\/\/bellavit.es\/#logo\"}},{\"@type\":\"WebSite\",\"@id\":\"https:\/\/bellavit.es\/#website\",\"url\":\"https:\/\/bellavit.es\/\",\"name\":\"Bellavit\",\"description\":\"Bellavit is Fruit\",\"publisher\":{\"@id\":\"https:\/\/bellavit.es\/#organization\"},\"potentialAction\":[{\"@type\":\"SearchAction\",\"target\":{\"@type\":\"EntryPoint\",\"urlTemplate\":\"https:\/\/bellavit.es\/?s={search_term_string}\"},\"query-input\":\"required name=search_term_string\"}],\"inLanguage\":\"es\"},{\"@type\":\"ImageObject\",\"@id\":\"https:\/\/bellavit.es\/index.php\/nuestros-productos\/calabaza\/#primaryimage\",\"inLanguage\":\"es\",\"url\":\"https:\/\/bellavit.es\/wp-content\/uploads\/2022\/02\/EP_0117.jpg\",\"contentUrl\":\"https:\/\/bellavit.es\/wp-content\/uploads\/2022\/02\/EP_0117.jpg\",\"width\":900,\"height\":600},{\"@type\":\"WebPage\",\"@id\":\"https:\/\/bellavit.es\/index.php\/nuestros-productos\/calabaza\/#webpage\",\"url\":\"https:\/\/bellavit.es\/index.php\/nuestros-productos\/calabaza\/\",\"name\":\"Calabaza - Productos Frescos de Bellavit\",\"isPartOf\":{\"@id\":\"https:\/\/bellavit.es\/#website\"},\"primaryImageOfPage\":{\"@id\":\"https:\/\/bellavit.es\/index.php\/nuestros-productos\/calabaza\/#primaryimage\"},\"datePublished\":\"2022-01-25T06:25:46+00:00\",\"dateModified\":\"2022-02-09T13:32:07+00:00\",\"description\":\"La calabaza es una de las hortalizas m\u00e1s conocidas de la cultura mediterr\u00e1nea. Su corteza \u00e1spera y anaranjada son sus principales caracter\u00edsticas. Aprende m\u00e1s!\",\"breadcrumb\":{\"@id\":\"https:\/\/bellavit.es\/index.php\/nuestros-productos\/calabaza\/#breadcrumb\"},\"inLanguage\":\"es\",\"potentialAction\":[{\"@type\":\"ReadAction\",\"target\":[\"https:\/\/bellavit.es\/index.php\/nuestros-productos\/calabaza\/\"]}]},{\"@type\":\"BreadcrumbList\",\"@id\":\"https:\/\/bellavit.es\/index.php\/nuestros-productos\/calabaza\/#breadcrumb\",\"itemListElement\":[{\"@type\":\"ListItem\",\"position\":1,\"name\":\"Accueil\",\"item\":\"https:\/\/bellavit.es\/\"},{\"@type\":\"ListItem\",\"position\":2,\"name\":\"Nuestros Productos\",\"item\":\"https:\/\/bellavit.es\/index.php\/nuestros-productos\/\"},{\"@type\":\"ListItem\",\"position\":3,\"name\":\"Calabaza\"}]}]}<\/script>\n<!-- \/ Yoast SEO plugin. -->","yoast_head_json":{"title":"Calabaza - Productos Frescos de Bellavit","description":"La calabaza es una de las hortalizas m\u00e1s conocidas de la cultura mediterr\u00e1nea. Su corteza \u00e1spera y anaranjada son sus principales caracter\u00edsticas. Aprende m\u00e1s!","robots":{"index":"index","follow":"follow","max-snippet":"max-snippet:-1","max-image-preview":"max-image-preview:large","max-video-preview":"max-video-preview:-1"},"canonical":"https:\/\/bellavit.es\/index.php\/nuestros-productos\/calabaza\/","og_locale":"es_ES","og_type":"article","og_title":"Calabaza - Productos Frescos de Bellavit","og_description":"La calabaza es una de las hortalizas m\u00e1s conocidas de la cultura mediterr\u00e1nea. Su corteza \u00e1spera y anaranjada son sus principales caracter\u00edsticas. Aprende m\u00e1s!","og_url":"https:\/\/bellavit.es\/index.php\/nuestros-productos\/calabaza\/","og_site_name":"Bellavit","article_modified_time":"2022-02-09T13:32:07+00:00","og_image":[{"url":"http:\/\/yjbhklh.cluster031.hosting.ovh.net\/wp-content\/uploads\/2022\/02\/EP_0117-768x512.jpg"}],"twitter_card":"summary_large_image","twitter_misc":{"Tiempo de lectura":"2 minutos"},"schema":{"@context":"https:\/\/schema.org","@graph":[{"@type":"Organization","@id":"https:\/\/bellavit.es\/#organization","name":"Bellavit","url":"https:\/\/bellavit.es\/","sameAs":[],"logo":{"@type":"ImageObject","@id":"https:\/\/bellavit.es\/#logo","inLanguage":"es","url":"https:\/\/bellavit.es\/wp-content\/uploads\/2022\/01\/cropped-loog_temp-300x300-1.png","contentUrl":"https:\/\/bellavit.es\/wp-content\/uploads\/2022\/01\/cropped-loog_temp-300x300-1.png","width":300,"height":300,"caption":"Bellavit"},"image":{"@id":"https:\/\/bellavit.es\/#logo"}},{"@type":"WebSite","@id":"https:\/\/bellavit.es\/#website","url":"https:\/\/bellavit.es\/","name":"Bellavit","description":"Bellavit is Fruit","publisher":{"@id":"https:\/\/bellavit.es\/#organization"},"potentialAction":[{"@type":"SearchAction","target":{"@type":"EntryPoint","urlTemplate":"https:\/\/bellavit.es\/?s={search_term_string}"},"query-input":"required name=search_term_string"}],"inLanguage":"es"},{"@type":"ImageObject","@id":"https:\/\/bellavit.es\/index.php\/nuestros-productos\/calabaza\/#primaryimage","inLanguage":"es","url":"https:\/\/bellavit.es\/wp-content\/uploads\/2022\/02\/EP_0117.jpg","contentUrl":"https:\/\/bellavit.es\/wp-content\/uploads\/2022\/02\/EP_0117.jpg","width":900,"height":600},{"@type":"WebPage","@id":"https:\/\/bellavit.es\/index.php\/nuestros-productos\/calabaza\/#webpage","url":"https:\/\/bellavit.es\/index.php\/nuestros-productos\/calabaza\/","name":"Calabaza - Productos Frescos de Bellavit","isPartOf":{"@id":"https:\/\/bellavit.es\/#website"},"primaryImageOfPage":{"@id":"https:\/\/bellavit.es\/index.php\/nuestros-productos\/calabaza\/#primaryimage"},"datePublished":"2022-01-25T06:25:46+00:00","dateModified":"2022-02-09T13:32:07+00:00","description":"La calabaza es una de las hortalizas m\u00e1s conocidas de la cultura mediterr\u00e1nea. Su corteza \u00e1spera y anaranjada son sus principales caracter\u00edsticas. Aprende m\u00e1s!","breadcrumb":{"@id":"https:\/\/bellavit.es\/index.php\/nuestros-productos\/calabaza\/#breadcrumb"},"inLanguage":"es","potentialAction":[{"@type":"ReadAction","target":["https:\/\/bellavit.es\/index.php\/nuestros-productos\/calabaza\/"]}]},{"@type":"BreadcrumbList","@id":"https:\/\/bellavit.es\/index.php\/nuestros-productos\/calabaza\/#breadcrumb","itemListElement":[{"@type":"ListItem","position":1,"name":"Accueil","item":"https:\/\/bellavit.es\/"},{"@type":"ListItem","position":2,"name":"Nuestros Productos","item":"https:\/\/bellavit.es\/index.php\/nuestros-productos\/"},{"@type":"ListItem","position":3,"name":"Calabaza"}]}]}},"_links":{"self":[{"href":"https:\/\/bellavit.es\/index.php\/wp-json\/wp\/v2\/pages\/79","targetHints":{"allow":["GET"]}}],"collection":[{"href":"https:\/\/bellavit.es\/index.php\/wp-json\/wp\/v2\/pages"}],"about":[{"href":"https:\/\/bellavit.es\/index.php\/wp-json\/wp\/v2\/types\/page"}],"author":[{"embeddable":true,"href":"https:\/\/bellavit.es\/index.php\/wp-json\/wp\/v2\/users\/1"}],"replies":[{"embeddable":true,"href":"https:\/\/bellavit.es\/index.php\/wp-json\/wp\/v2\/comments?post=79"}],"version-history":[{"count":25,"href":"https:\/\/bellavit.es\/index.php\/wp-json\/wp\/v2\/pages\/79\/revisions"}],"predecessor-version":[{"id":318,"href":"https:\/\/bellavit.es\/index.php\/wp-json\/wp\/v2\/pages\/79\/revisions\/318"}],"up":[{"embeddable":true,"href":"https:\/\/bellavit.es\/index.php\/wp-json\/wp\/v2\/pages\/14"}],"wp:attachment":[{"href":"https:\/\/bellavit.es\/index.php\/wp-json\/wp\/v2\/media?parent=79"}],"curies":[{"name":"wp","href":"https:\/\/api.w.org\/{rel}","templated":true}]}}