{"id":400,"date":"2025-06-06T12:34:44","date_gmt":"2025-06-06T10:34:44","guid":{"rendered":"https:\/\/bellavit.es\/?page_id=400"},"modified":"2025-09-02T12:01:48","modified_gmt":"2025-09-02T10:01:48","slug":"accionistas-ramafrut","status":"publish","type":"page","link":"https:\/\/bellavit.es\/index.php\/accionistas-ramafrut\/","title":{"rendered":"Accionistas RAMAFRUT SL"},"content":{"rendered":"\t\t<div data-elementor-type=\"wp-page\" data-elementor-id=\"400\" class=\"elementor elementor-400\" data-elementor-settings=\"[]\">\n\t\t\t\t\t\t\t<div class=\"elementor-section-wrap\">\n\t\t\t\t\t\t\t<section class=\"elementor-section elementor-top-section elementor-element elementor-element-5215032 elementor-section-stretched elementor-section-boxed elementor-section-height-default elementor-section-height-default\" data-id=\"5215032\" data-element_type=\"section\" data-settings=\"{&quot;stretch_section&quot;:&quot;section-stretched&quot;,&quot;background_background&quot;:&quot;classic&quot;}\">\n\t\t\t\t\t\t<div class=\"elementor-container elementor-column-gap-default\">\n\t\t\t\t\t<div class=\"elementor-column elementor-col-100 elementor-top-column elementor-element elementor-element-3750f8da\" data-id=\"3750f8da\" data-element_type=\"column\">\n\t\t\t<div class=\"elementor-widget-wrap elementor-element-populated\">\n\t\t\t\t\t\t\t\t<div class=\"elementor-element elementor-element-77e7d035 elementor-invisible elementor-widget elementor-widget-heading\" data-id=\"77e7d035\" data-element_type=\"widget\" data-settings=\"{&quot;_animation&quot;:&quot;fadeInDown&quot;}\" data-widget_type=\"heading.default\">\n\t\t\t\t<div class=\"elementor-widget-container\">\n\t\t\t<style>\/*! elementor - v3.5.4 - 23-01-2022 *\/\n.elementor-heading-title{padding:0;margin:0;line-height:1}.elementor-widget-heading .elementor-heading-title[class*=elementor-size-]>a{color:inherit;font-size:inherit;line-height:inherit}.elementor-widget-heading .elementor-heading-title.elementor-size-small{font-size:15px}.elementor-widget-heading .elementor-heading-title.elementor-size-medium{font-size:19px}.elementor-widget-heading .elementor-heading-title.elementor-size-large{font-size:29px}.elementor-widget-heading .elementor-heading-title.elementor-size-xl{font-size:39px}.elementor-widget-heading .elementor-heading-title.elementor-size-xxl{font-size:59px}<\/style><h1 class=\"elementor-heading-title elementor-size-default\">Accionistas RAMAFRUT SL<\/h1>\t\t<\/div>\n\t\t\t\t<\/div>\n\t\t\t\t\t<\/div>\n\t\t<\/div>\n\t\t\t\t\t\t\t<\/div>\n\t\t<\/section>\n\t\t\t\t<section class=\"elementor-section elementor-top-section elementor-element elementor-element-d4b8912 elementor-section-boxed elementor-section-height-default elementor-section-height-default\" data-id=\"d4b8912\" data-element_type=\"section\">\n\t\t\t\t\t\t<div class=\"elementor-container elementor-column-gap-default\">\n\t\t\t\t\t<div class=\"elementor-column elementor-col-100 elementor-top-column elementor-element elementor-element-6e30f1f\" data-id=\"6e30f1f\" data-element_type=\"column\">\n\t\t\t<div class=\"elementor-widget-wrap elementor-element-populated\">\n\t\t\t\t\t\t\t\t<section class=\"elementor-section elementor-inner-section elementor-element elementor-element-2177bcb elementor-section-boxed elementor-section-height-default elementor-section-height-default elementor-invisible\" data-id=\"2177bcb\" data-element_type=\"section\" data-settings=\"{&quot;animation&quot;:&quot;fadeInUp&quot;}\">\n\t\t\t\t\t\t<div class=\"elementor-container elementor-column-gap-default\">\n\t\t\t\t\t<div class=\"elementor-column elementor-col-100 elementor-inner-column elementor-element elementor-element-a7278d3\" data-id=\"a7278d3\" data-element_type=\"column\">\n\t\t\t<div class=\"elementor-widget-wrap elementor-element-populated\">\n\t\t\t\t\t\t\t\t<div class=\"elementor-element elementor-element-d885fb9 elementor-widget elementor-widget-heading\" data-id=\"d885fb9\" data-element_type=\"widget\" data-widget_type=\"heading.default\">\n\t\t\t\t<div class=\"elementor-widget-container\">\n\t\t\t<h2 class=\"elementor-heading-title elementor-size-default\"><a href=\"https:\/\/bellavit.es\/index.php\/nuestros-productos\/calabaza\/\">Convocatorias<\/a><\/h2>\t\t<\/div>\n\t\t\t\t<\/div>\n\t\t\t\t<div class=\"elementor-element elementor-element-327e057 elementor-widget elementor-widget-text-editor\" data-id=\"327e057\" data-element_type=\"widget\" data-widget_type=\"text-editor.default\">\n\t\t\t\t<div class=\"elementor-widget-container\">\n\t\t\t<style>\/*! elementor - v3.5.4 - 23-01-2022 *\/\n.elementor-widget-text-editor.elementor-drop-cap-view-stacked .elementor-drop-cap{background-color:#818a91;color:#fff}.elementor-widget-text-editor.elementor-drop-cap-view-framed .elementor-drop-cap{color:#818a91;border:3px solid;background-color:transparent}.elementor-widget-text-editor:not(.elementor-drop-cap-view-default) .elementor-drop-cap{margin-top:8px}.elementor-widget-text-editor:not(.elementor-drop-cap-view-default) .elementor-drop-cap-letter{width:1em;height:1em}.elementor-widget-text-editor .elementor-drop-cap{float:left;text-align:center;line-height:1;font-size:50px}.elementor-widget-text-editor .elementor-drop-cap-letter{display:inline-block}<\/style>\t\t\t\t<ul><li><a href=\"https:\/\/bellavit.es\/wp-content\/uploads\/2025\/09\/2025.06.14_Ramafrut_Convocatoria-JGO-CCAA-2024.pdf\" target=\"_blank\" rel=\"noopener\">Convocatoria de Junta General Ordinaria de Socios de RAMAFRUT, S.L. &#8211; 17\/09\/2025<\/a><\/li><\/ul>\t\t\t\t\t\t<\/div>\n\t\t\t\t<\/div>\n\t\t\t\t\t<\/div>\n\t\t<\/div>\n\t\t\t\t\t\t\t<\/div>\n\t\t<\/section>\n\t\t\t\t\t<\/div>\n\t\t<\/div>\n\t\t\t\t\t\t\t<\/div>\n\t\t<\/section>\n\t\t\t\t\t\t<\/div>\n\t\t\t\t\t<\/div>\n\t\t","protected":false},"excerpt":{"rendered":"<p>Accionistas RAMAFRUT SL Convocatorias Convocatoria de Junta General Ordinaria de Socios de RAMAFRUT, S.L. &#8211; 17\/09\/2025<\/p>\n","protected":false},"author":1,"featured_media":0,"parent":0,"menu_order":0,"comment_status":"closed","ping_status":"closed","template":"","meta":{"footnotes":""},"class_list":["post-400","page","type-page","status-publish","hentry"],"yoast_head":"<!-- This site is optimized with the Yoast SEO plugin v18.1 - https:\/\/yoast.com\/wordpress\/plugins\/seo\/ -->\n<title>Los Productos Frescos de Bellavit<\/title>\n<meta name=\"description\" content=\"Aprende m\u00e1s sobre nuestros productos frescos: Pimiento Padr\u00f3n, Sand\u00eda y Calabaza\" \/>\n<meta name=\"robots\" content=\"index, follow, max-snippet:-1, max-image-preview:large, max-video-preview:-1\" \/>\n<link rel=\"canonical\" href=\"https:\/\/bellavit.es\/index.php\/accionistas-ramafrut\/\" \/>\n<meta property=\"og:locale\" content=\"es_ES\" \/>\n<meta property=\"og:type\" content=\"article\" \/>\n<meta property=\"og:title\" content=\"Los Productos Frescos de Bellavit\" \/>\n<meta property=\"og:description\" content=\"Aprende m\u00e1s sobre nuestros productos frescos: Pimiento Padr\u00f3n, Sand\u00eda y Calabaza\" \/>\n<meta property=\"og:url\" content=\"https:\/\/bellavit.es\/index.php\/accionistas-ramafrut\/\" \/>\n<meta property=\"og:site_name\" content=\"Bellavit\" \/>\n<meta property=\"article:modified_time\" content=\"2025-09-02T10:01:48+00:00\" \/>\n<meta name=\"twitter:card\" content=\"summary_large_image\" \/>\n<meta name=\"twitter:label1\" content=\"Tiempo de lectura\" \/>\n\t<meta name=\"twitter:data1\" content=\"2 minutos\" \/>\n<script type=\"application\/ld+json\" class=\"yoast-schema-graph\">{\"@context\":\"https:\/\/schema.org\",\"@graph\":[{\"@type\":\"Organization\",\"@id\":\"https:\/\/bellavit.es\/#organization\",\"name\":\"Bellavit\",\"url\":\"https:\/\/bellavit.es\/\",\"sameAs\":[],\"logo\":{\"@type\":\"ImageObject\",\"@id\":\"https:\/\/bellavit.es\/#logo\",\"inLanguage\":\"es\",\"url\":\"https:\/\/bellavit.es\/wp-content\/uploads\/2022\/01\/cropped-loog_temp-300x300-1.png\",\"contentUrl\":\"https:\/\/bellavit.es\/wp-content\/uploads\/2022\/01\/cropped-loog_temp-300x300-1.png\",\"width\":300,\"height\":300,\"caption\":\"Bellavit\"},\"image\":{\"@id\":\"https:\/\/bellavit.es\/#logo\"}},{\"@type\":\"WebSite\",\"@id\":\"https:\/\/bellavit.es\/#website\",\"url\":\"https:\/\/bellavit.es\/\",\"name\":\"Bellavit\",\"description\":\"Bellavit is Fruit\",\"publisher\":{\"@id\":\"https:\/\/bellavit.es\/#organization\"},\"potentialAction\":[{\"@type\":\"SearchAction\",\"target\":{\"@type\":\"EntryPoint\",\"urlTemplate\":\"https:\/\/bellavit.es\/?s={search_term_string}\"},\"query-input\":\"required name=search_term_string\"}],\"inLanguage\":\"es\"},{\"@type\":\"WebPage\",\"@id\":\"https:\/\/bellavit.es\/index.php\/accionistas-ramafrut\/#webpage\",\"url\":\"https:\/\/bellavit.es\/index.php\/accionistas-ramafrut\/\",\"name\":\"Los Productos Frescos de Bellavit\",\"isPartOf\":{\"@id\":\"https:\/\/bellavit.es\/#website\"},\"datePublished\":\"2025-06-06T10:34:44+00:00\",\"dateModified\":\"2025-09-02T10:01:48+00:00\",\"description\":\"Aprende m\u00e1s sobre nuestros productos frescos: Pimiento Padr\u00f3n, Sand\u00eda y Calabaza\",\"breadcrumb\":{\"@id\":\"https:\/\/bellavit.es\/index.php\/accionistas-ramafrut\/#breadcrumb\"},\"inLanguage\":\"es\",\"potentialAction\":[{\"@type\":\"ReadAction\",\"target\":[\"https:\/\/bellavit.es\/index.php\/accionistas-ramafrut\/\"]}]},{\"@type\":\"BreadcrumbList\",\"@id\":\"https:\/\/bellavit.es\/index.php\/accionistas-ramafrut\/#breadcrumb\",\"itemListElement\":[{\"@type\":\"ListItem\",\"position\":1,\"name\":\"Accueil\",\"item\":\"https:\/\/bellavit.es\/\"},{\"@type\":\"ListItem\",\"position\":2,\"name\":\"Accionistas RAMAFRUT SL\"}]}]}<\/script>\n<!-- \/ Yoast SEO plugin. -->","yoast_head_json":{"title":"Los Productos Frescos de Bellavit","description":"Aprende m\u00e1s sobre nuestros productos frescos: Pimiento Padr\u00f3n, Sand\u00eda y Calabaza","robots":{"index":"index","follow":"follow","max-snippet":"max-snippet:-1","max-image-preview":"max-image-preview:large","max-video-preview":"max-video-preview:-1"},"canonical":"https:\/\/bellavit.es\/index.php\/accionistas-ramafrut\/","og_locale":"es_ES","og_type":"article","og_title":"Los Productos Frescos de Bellavit","og_description":"Aprende m\u00e1s sobre nuestros productos frescos: Pimiento Padr\u00f3n, Sand\u00eda y Calabaza","og_url":"https:\/\/bellavit.es\/index.php\/accionistas-ramafrut\/","og_site_name":"Bellavit","article_modified_time":"2025-09-02T10:01:48+00:00","twitter_card":"summary_large_image","twitter_misc":{"Tiempo de lectura":"2 minutos"},"schema":{"@context":"https:\/\/schema.org","@graph":[{"@type":"Organization","@id":"https:\/\/bellavit.es\/#organization","name":"Bellavit","url":"https:\/\/bellavit.es\/","sameAs":[],"logo":{"@type":"ImageObject","@id":"https:\/\/bellavit.es\/#logo","inLanguage":"es","url":"https:\/\/bellavit.es\/wp-content\/uploads\/2022\/01\/cropped-loog_temp-300x300-1.png","contentUrl":"https:\/\/bellavit.es\/wp-content\/uploads\/2022\/01\/cropped-loog_temp-300x300-1.png","width":300,"height":300,"caption":"Bellavit"},"image":{"@id":"https:\/\/bellavit.es\/#logo"}},{"@type":"WebSite","@id":"https:\/\/bellavit.es\/#website","url":"https:\/\/bellavit.es\/","name":"Bellavit","description":"Bellavit is Fruit","publisher":{"@id":"https:\/\/bellavit.es\/#organization"},"potentialAction":[{"@type":"SearchAction","target":{"@type":"EntryPoint","urlTemplate":"https:\/\/bellavit.es\/?s={search_term_string}"},"query-input":"required name=search_term_string"}],"inLanguage":"es"},{"@type":"WebPage","@id":"https:\/\/bellavit.es\/index.php\/accionistas-ramafrut\/#webpage","url":"https:\/\/bellavit.es\/index.php\/accionistas-ramafrut\/","name":"Los Productos Frescos de Bellavit","isPartOf":{"@id":"https:\/\/bellavit.es\/#website"},"datePublished":"2025-06-06T10:34:44+00:00","dateModified":"2025-09-02T10:01:48+00:00","description":"Aprende m\u00e1s sobre nuestros productos frescos: Pimiento Padr\u00f3n, Sand\u00eda y Calabaza","breadcrumb":{"@id":"https:\/\/bellavit.es\/index.php\/accionistas-ramafrut\/#breadcrumb"},"inLanguage":"es","potentialAction":[{"@type":"ReadAction","target":["https:\/\/bellavit.es\/index.php\/accionistas-ramafrut\/"]}]},{"@type":"BreadcrumbList","@id":"https:\/\/bellavit.es\/index.php\/accionistas-ramafrut\/#breadcrumb","itemListElement":[{"@type":"ListItem","position":1,"name":"Accueil","item":"https:\/\/bellavit.es\/"},{"@type":"ListItem","position":2,"name":"Accionistas RAMAFRUT SL"}]}]}},"_links":{"self":[{"href":"https:\/\/bellavit.es\/index.php\/wp-json\/wp\/v2\/pages\/400","targetHints":{"allow":["GET"]}}],"collection":[{"href":"https:\/\/bellavit.es\/index.php\/wp-json\/wp\/v2\/pages"}],"about":[{"href":"https:\/\/bellavit.es\/index.php\/wp-json\/wp\/v2\/types\/page"}],"author":[{"embeddable":true,"href":"https:\/\/bellavit.es\/index.php\/wp-json\/wp\/v2\/users\/1"}],"replies":[{"embeddable":true,"href":"https:\/\/bellavit.es\/index.php\/wp-json\/wp\/v2\/comments?post=400"}],"version-history":[{"count":14,"href":"https:\/\/bellavit.es\/index.php\/wp-json\/wp\/v2\/pages\/400\/revisions"}],"predecessor-version":[{"id":420,"href":"https:\/\/bellavit.es\/index.php\/wp-json\/wp\/v2\/pages\/400\/revisions\/420"}],"wp:attachment":[{"href":"https:\/\/bellavit.es\/index.php\/wp-json\/wp\/v2\/media?parent=400"}],"curies":[{"name":"wp","href":"https:\/\/api.w.org\/{rel}","templated":true}]}}